{"id":987495428,"date":"2025-09-06T16:55:46","date_gmt":"2025-09-06T14:55:46","guid":{"rendered":"https:\/\/betinpact.com\/?page_id=987495428"},"modified":"2025-09-10T13:18:48","modified_gmt":"2025-09-10T11:18:48","slug":"datenschutz","status":"publish","type":"page","link":"https:\/\/betinpact.com\/de\/datenschutz\/","title":{"rendered":"Datenschutz"},"content":{"rendered":"<p>[et_pb_section fb_built=&#8220;1&#8243; admin_label=&#8220;section&#8220; _builder_version=&#8220;4.16&#8243; global_colors_info=&#8220;{}&#8220;][et_pb_row admin_label=&#8220;row&#8220; _builder_version=&#8220;4.16&#8243; background_size=&#8220;initial&#8220; background_position=&#8220;top_left&#8220; background_repeat=&#8220;repeat&#8220; global_colors_info=&#8220;{}&#8220;][et_pb_column type=&#8220;4_4&#8243; _builder_version=&#8220;4.16&#8243; custom_padding=&#8220;|||&#8220; global_colors_info=&#8220;{}&#8220; custom_padding__hover=&#8220;|||&#8220;][et_pb_heading title=&#8220;Datenschutz&#8220; _builder_version=&#8220;4.27.4&#8243; _module_preset=&#8220;default&#8220; title_text_align=&#8220;center&#8220; title_font_size=&#8220;50px&#8220; hover_enabled=&#8220;0&#8243; title_font_size_tablet=&#8220;50px&#8220; title_font_size_phone=&#8220;30px&#8220; title_font_size_last_edited=&#8220;on|desktop&#8220; global_colors_info=&#8220;{}&#8220; sticky_enabled=&#8220;0&#8243;][\/et_pb_heading][et_pb_text _builder_version=&#8220;4.27.4&#8243; _module_preset=&#8220;default&#8220; hover_enabled=&#8220;0&#8243; global_colors_info=&#8220;{}&#8220; sticky_enabled=&#8220;0&#8243;]<strong>Datenschutzerkl\u00e4rung<\/strong><\/p>\n<p>Betinpact Gesellschaft mit beschr\u00e4nkter Haftung<br \/>\n9400 Sopron, V\u00e1ghy Ferenc utca 22.<br \/>\nSTEUERNUMMER: 29146723-2-08<br \/>\nHANDELSREGISTERNUMMER: 08-09-032916<br \/>\n(im Folgenden: Verantwortlicher) verarbeitet im Rahmen des Betriebs der Website www.betinpact.com (im Folgenden: Website) die Daten der Besucher der Website, der Nutzer der Website sowie der registrierten Benutzer, die die auf der Website verf\u00fcgbaren Dienste in Anspruch nehmen (im Folgenden zusammen: Betroffene).<\/p>\n<p>Im Zusammenhang mit der Datenverarbeitung informiert der Verantwortliche die Betroffenen hiermit \u00fcber die auf der Website von ihm verarbeiteten personenbezogenen Daten, \u00fcber die bei der Verarbeitung personenbezogener Daten befolgten Grunds\u00e4tze und Praktiken sowie \u00fcber die Art und Weise und M\u00f6glichkeiten der Aus\u00fcbung der Rechte der Betroffenen. Mit der Nutzung der Website akzeptiert der Betroffene die Bestimmungen dieser Datenschutzerkl\u00e4rung und willigt in die nachstehend definierten Verarbeitungen ein.<\/p>\n<p><strong>1. Definitionen<\/strong><\/p>\n<ol>\n<li>Betroffener: jede bestimmte oder aufgrund personenbezogener Daten identifizierte oder \u2013 direkt oder indirekt \u2013 identifizierbare nat\u00fcrliche Person;<\/li>\n<li>Personenbezogene Daten: alle Informationen, die sich auf den Betroffenen beziehen \u2013 insbesondere der Name des Betroffenen, ein Kennzeichen sowie eine oder mehrere Angaben zu seiner physischen, physiologischen, psychischen, wirtschaftlichen, kulturellen oder sozialen Identit\u00e4t \u2013 sowie jede aus den Daten ableitbare Schlussfolgerung in Bezug auf den Betroffenen;<\/li>\n<li>Einwilligung: die freiwillige und eindeutige Willens\u00e4u\u00dferung des Betroffenen, die auf angemessener Information beruht und mit der er unmissverst\u00e4ndlich seine Zustimmung zur Verarbeitung der ihn betreffenden personenbezogenen Daten \u2013 insgesamt oder in Bezug auf einzelne Verarbeitungsvorg\u00e4nge \u2013 erteilt;<\/li>\n<li>Widerspruch: die Erkl\u00e4rung des Betroffenen, mit der er die Verarbeitung seiner personenbezogenen Daten beanstandet und die Beendigung der Verarbeitung bzw. die L\u00f6schung der verarbeiteten Daten verlangt;<\/li>\n<li>Verantwortlicher: die nat\u00fcrliche oder juristische Person oder Organisation ohne Rechtspers\u00f6nlichkeit, die allein oder gemeinsam mit anderen den Zweck der Datenverarbeitung bestimmt, Entscheidungen \u00fcber die Verarbeitung (einschlie\u00dflich des eingesetzten Mittels) trifft und diese umsetzt oder durch einen Auftragsverarbeiter umsetzen l\u00e4sst;<\/li>\n<li>Verarbeitung: jeder \u2013 unabh\u00e4ngig vom angewandten Verfahren \u2013 mit Daten vorgenommene Vorgang oder jede Gesamtheit solcher Vorg\u00e4nge, insbesondere das Erheben, Erfassen, Ordnen, Speichern, Ver\u00e4ndern, Verwenden, Abfragen, \u00dcbermitteln, Ver\u00f6ffentlichen, Abgleichen oder Verkn\u00fcpfen, Sperren, L\u00f6schen und Vernichten sowie die Verhinderung der weiteren Nutzung der Daten;<\/li>\n<li>Auftragsverarbeitung: die mit Verarbeitungsvorg\u00e4ngen zusammenh\u00e4ngenden technischen Aufgaben, unabh\u00e4ngig von der zur Durchf\u00fchrung angewandten Methode und dem eingesetzten Mittel sowie vom Ort der Anwendung, sofern die technischen Aufgaben an den Daten vorgenommen werden;<\/li>\n<li>Auftragsverarbeiter: die nat\u00fcrliche oder juristische Person oder Organisation ohne Rechtspers\u00f6nlichkeit, die auf Grundlage eines Vertrages mit dem Verantwortlichen \u2013 einschlie\u00dflich eines Vertrages aufgrund gesetzlicher Vorschrift \u2013 Daten verarbeitet;<\/li>\n<li>Daten\u00fcbermittlung: die Zug\u00e4nglichmachung von Daten f\u00fcr einen bestimmten Dritten;<\/li>\n<li>Ver\u00f6ffentlichung: die Zug\u00e4nglichmachung von Daten f\u00fcr jedermann;<\/li>\n<li>L\u00f6schung: das Unkenntlichmachen von Daten in der Weise, dass ihre Wiederherstellung nicht mehr m\u00f6glich ist;<\/li>\n<li>Sperrung: die Kennzeichnung von Daten mit einem Identifikationsmerkmal zum Zweck der dauerhaften oder zeitweiligen Einschr\u00e4nkung ihrer weiteren Verarbeitung;<\/li>\n<li>Vernichtung: die vollst\u00e4ndige physische Zerst\u00f6rung des Datentr\u00e4gers, der die Daten enth\u00e4lt;<\/li>\n<li>Dritter: jede nat\u00fcrliche oder juristische Person oder Organisation ohne Rechtspers\u00f6nlichkeit, die nicht mit dem Betroffenen, dem Verantwortlichen oder dem Auftragsverarbeiter identisch ist.<\/li>\n<\/ol>\n<p><strong>2. Zweck der Datenverarbeitung<\/strong><\/p>\n<p>Der Verantwortliche speichert und verarbeitet die vom Betroffenen im Rahmen der Registrierung bereitgestellten Daten zweckgebunden ausschlie\u00dflich zum Zweck der Erbringung der auf der Website verf\u00fcgbaren Dienste, der Kontaktaufnahme, der Identifizierung des Nutzers sowie \u2013 sofern der Betroffene den Newsletter abonniert \u2013 zum Versand des Newsletters. Der Zweck der automatisch protokollierten Daten ist die Erstellung von Statistiken und die technische Weiterentwicklung des IT-Systems. Der Verantwortliche nutzt die angegebenen personenbezogenen Daten nicht f\u00fcr andere als die oben festgelegten Zwecke.<\/p>\n<p>Die Weitergabe personenbezogener Daten an Dritte oder Beh\u00f6rden \u2013 sofern gesetzlich nichts anderes zwingend vorgeschrieben ist \u2013 ist nur mit vorheriger, ausdr\u00fccklicher Einwilligung des Betroffenen zul\u00e4ssig. In jedem Fall, in dem der Verantwortliche die \u00fcbermittelten Daten zu einem anderen Zweck als dem urspr\u00fcnglichen Erhebungszweck verwenden m\u00f6chte, informiert er den Betroffenen hier\u00fcber, holt dessen vorherige ausdr\u00fcckliche Einwilligung ein bzw. erm\u00f6glicht, die Nutzung zu untersagen.<\/p>\n<p><strong>3. Rechtsgrundlage der Verarbeitung<\/strong><\/p>\n<p>Die Datenverarbeitungen durch den Verantwortlichen erfolgen gem\u00e4\u00df \u00a7 5 Abs. (1) Buchst. a des Gesetzes CXII von 2011 \u00fcber das Recht auf informationelle Selbstbestimmung und Informationsfreiheit (Info.tv.) auf Grundlage der freiwilligen Einwilligung des Betroffenen sowie gem\u00e4\u00df dem Gesetz CVIII von 2001 \u00fcber bestimmte Fragen der elektronischen Handelsdienste und der Dienste der Informationsgesellschaft.<\/p>\n<p>Der Verantwortliche \u00fcberpr\u00fcft die ihm angegebenen personenbezogenen Daten nicht auf ihre Echtheit. F\u00fcr die Richtigkeit der angegebenen Daten haftet ausschlie\u00dflich die Person, die die Daten bereitstellt, d.\u202fh. der Betroffene\/Vertragspartner. Mit der Angabe einer E\u2011Mail\u2011Adresse \u00fcbernimmt der Betroffene die Verantwortung daf\u00fcr, dass von der angegebenen E\u2011Mail\u2011Adresse ausschlie\u00dflich er Dienste in Anspruch nimmt. In Anbetracht dieser Verantwortungs\u00fcbernahme tr\u00e4gt der Betroffene, der die E\u2011Mail\u2011Adresse angegeben hat, die alleinige Verantwortung f\u00fcr alle Anmeldungen und Nutzungen, die unter der angegebenen E\u2011Mail\u2011Adresse erfolgen.<\/p>\n<p><strong>4. Daten des Verantwortlichen<\/strong><\/p>\n<p>Betinpact Gesellschaft mit beschr\u00e4nkter Haftung<br \/>\n9400 Sopron, V\u00e1ghy Ferenc utca 22.<br \/>\nSTEUERNUMMER: 29146723-2-08<br \/>\nHANDELSREGISTERNUMMER: 08-09-032916<\/p>\n<p><strong>5. Dauer der Datenverarbeitung<\/strong><\/p>\n<p>5.1. Registrierungsdaten<\/p>\n<p>Die w\u00e4hrend der Registrierung zwingend anzugebenden personenbezogenen Daten werden so lange verarbeitet, bis der Betroffene die L\u00f6schung seiner Registrierung beantragt. Die Registrierung kann jederzeit gel\u00f6scht werden; die L\u00f6schung erfolgt nach Eingang des L\u00f6schantrags (per Post oder E\u2011Mail). In diesem Fall betr\u00e4gt die Frist f\u00fcr die L\u00f6schung der Daten 5 Werktage nach Eingang des Antrags.<\/p>\n<p>5.2. Dauer der Datenverarbeitung (Newsletter)<\/p>\n<p>Der Verantwortliche verarbeitet die im Rahmen der Newsletter\u2011Anmeldung angegebenen Daten des Betroffenen, bis sich der Betroffene \u00fcber die in der Informations\u2011E\u2011Mail enthaltene Schaltfl\u00e4che \u201eAbmelden\u201c abmeldet oder per E\u2011Mail bzw. postalisch die L\u00f6schung aus der Liste der Newsletter\u2011Abonnenten beantragt. Andernfalls dauert die Verarbeitung 2 Jahre an. Im Falle der Abmeldung erfasst der Verantwortliche den Eingang des Antrags (per E\u2011Mail, postalisch oder durch Klicken auf \u201eAbmelden\u201c) und sendet dem Betroffenen keine weiteren Nachrichten.<\/p>\n<p>5.3. Technische Daten<\/p>\n<p>Die protokollierten Daten werden \u2013 mit Ausnahme des Datums des letzten Besuchs, das automatisch \u00fcberschrieben wird \u2013 ab dem Zeitpunkt der Protokollierung f\u00fcr 2 Jahre gespeichert.<\/p>\n<p>5.4. Bei Versand des elektronischen Kontaktformulars angegebene Daten<\/p>\n<p>Die w\u00e4hrend der \u00dcbermittlung des Kontaktformulars zwingend angegebenen personenbezogenen Daten werden so lange verarbeitet, bis der Betroffene die L\u00f6schung der so angegebenen Daten beantragt. Die L\u00f6schung kann jederzeit beantragt werden (per Post oder E\u2011Mail). In diesem Fall betr\u00e4gt die Frist f\u00fcr die L\u00f6schung der Daten 5 Werktage nach Eingang des Antrags.<\/p>\n<p><strong>6. Umfang der verarbeiteten personenbezogenen Daten<\/strong><\/p>\n<p>6.1. Bei der Registrierung zwingend anzugebende Daten<\/p>\n<p>F\u00fcr die Inanspruchnahme der auf der Website verf\u00fcgbaren Dienste hat der Betroffene folgende Daten anzugeben:<\/p>\n<p>Name, Telefonnummer, E\u2011Mail, Firmenname, Rechnungsanschrift, Lieferanschrift<\/p>\n<p>6.2. Newsletter<\/p>\n<p>Bei der Newsletter\u2011Anmeldung hat der Betroffene seine E\u2011Mail\u2011Adresse sowie seinen vollst\u00e4ndigen Namen an den Verantwortlichen zu \u00fcbermitteln.<\/p>\n<p>6.3. Technische Daten<\/p>\n<p>Daten des beim Betroffenen eingesetzten Computers, die w\u00e4hrend der Nutzung der Dienste erzeugt werden und die das System des Verantwortlichen als Ergebnis technischer Prozesse automatisch protokolliert. Dazu geh\u00f6ren insbesondere Datum und Uhrzeit des Besuchs, die IP\u2011Adresse des Computers des Betroffenen, der Browsertyp, die besuchten und die zuvor aufgerufenen Webseiten.<\/p>\n<p>Die automatisch protokollierten Daten werden ohne gesonderte Erkl\u00e4rung oder Handlung des Betroffenen beim Ein\u2011 bzw. Ausloggen automatisch erfasst. Diese Daten d\u00fcrfen \u2013 au\u00dfer in gesetzlich vorgeschriebenen F\u00e4llen \u2013 nicht mit anderen personenbezogenen Nutzerdaten verkn\u00fcpft werden. Zugriff auf die Daten hat ausschlie\u00dflich der Verantwortliche.<\/p>\n<p>Der Verantwortliche kann Daten \u00fcber die Aktivit\u00e4t der Betroffenen erheben, die weder mit den im Rahmen der Registrierung angegebenen sonstigen Daten noch mit Daten, die bei der Nutzung anderer Websites oder Dienste anfallen, verkn\u00fcpft werden k\u00f6nnen.<\/p>\n<p>Der HTML\u2011Code der Website kann Verweise enthalten, die von einem vom Verantwortlichen unabh\u00e4ngigen externen Server stammen bzw. auf einen externen Server verweisen. Aufgrund der direkten Verbindung zu deren Servern k\u00f6nnen die Anbieter dieser Verweise Nutzerdaten erheben.<\/p>\n<p>Externe Server unterst\u00fctzen die unabh\u00e4ngige Messung und Pr\u00fcfung der Besucherzahlen und sonstiger Webanalysedaten der Website (Google Analytics). Ausf\u00fchrliche Informationen zur Verarbeitung der Messdaten k\u00f6nnen die jeweiligen Verantwortlichen den Betroffenen bereitstellen. Erreichbarkeit: www.google.com\/analytics\/<\/p>\n<p>Wenn der Betroffene nicht m\u00f6chte, dass Google Analytics die oben genannten Daten in der beschriebenen Weise und zu dem beschriebenen Zweck misst, kann er in seinem Browser das entsprechende Blockierungs\u2011Add\u2011on installieren.<\/p>\n<p>6.4. Cookies<\/p>\n<p>Der Verantwortliche bzw. die benannten externen Dienstleister platzieren und lesen zum Zweck einer personalisierten Bereitstellung kleine Datenpakete, sogenannte Cookies, auf dem Computer des Betroffenen aus. Sendet der Browser ein zuvor gespeichertes Cookie zur\u00fcck, kann der Cookie\u2011Anbieter die w\u00e4hrend der aktuellen Besuche des Betroffenen gespeicherten Daten mit fr\u00fcheren Daten verkn\u00fcpfen \u2013 jedoch ausschlie\u00dflich in Bezug auf seine eigenen Inhalte.<\/p>\n<p>Der Verantwortliche verwendet folgende Cookies:<\/p>\n<p>\u2013 Sitzungscookie (Session\u2011Cookie): Session\u2011Cookies werden nach dem Besuch des Betroffenen automatisch gel\u00f6scht. Diese Cookies dienen der effizienten und sicheren Funktionsweise der Website des Verantwortlichen und sind daher unerl\u00e4sslich, damit bestimmte Funktionen bzw. Anwendungen der Website ordnungsgem\u00e4\u00df funktionieren.<\/p>\n<p>\u2013 Dauerhafter Cookie (Persistent\u2011Cookie): Der Verantwortliche verwendet zur Verbesserung der Nutzererfahrung (z.\u202fB. f\u00fcr eine optimierte Navigation) auch dauerhafte Cookies. Diese Cookies werden l\u00e4nger in der Cookie\u2011Datei des Browsers gespeichert. Die Speicherdauer h\u00e4ngt von den im Internetbrowser des Betroffenen vorgenommenen Einstellungen ab.<\/p>\n<p>\u2013 Cookie f\u00fcr passwortgesch\u00fctzte Sitzungen.<br \/>\n\u2013 Sicherheits\u2011Cookie.<\/p>\n<p>Die in der Men\u00fcleiste der meisten Browser verf\u00fcgbare Hilfe\u2011Funktion informiert dar\u00fcber,<br \/>\n\u2013 wie Cookies deaktiviert werden k\u00f6nnen,<br \/>\n\u2013 wie neue Cookies akzeptiert werden k\u00f6nnen,<br \/>\n\u2013 wie der Browser angewiesen werden kann, ein neues Cookie zu setzen, oder<br \/>\n\u2013 wie sonstige Cookies deaktiviert werden k\u00f6nnen.<\/p>\n<p>Die Website verwendet die Remarketing\u2011Tracking\u2011Codes von Google Ads (AdWords). Grundlage hierf\u00fcr ist, Besucher der Seite sp\u00e4ter innerhalb von Websites des Google\u2011Display\u2011Netzwerks mit Remarketing\u2011Anzeigen ansprechen zu k\u00f6nnen. Der Remarketing\u2011Code verwendet Cookies zur Kennzeichnung der Besucher. Die Nutzer der Website k\u00f6nnen diese Cookies deaktivieren, indem sie den Anzeigenpr\u00e4ferenz\u2011Manager von Google aufrufen und den dortigen Anweisungen folgen. Danach werden ihnen keine personalisierten Angebote des Dienstanbieters mehr angezeigt.<\/p>\n<p>Weitere Informationen zu Cookies:<br \/>\nhttps:\/\/silktide.com\/tools\/cookie-consent\/docs\/<\/p>\n<p>Weitere Informationen zu Google Analytics:<br \/>\nhttps:\/\/www.google.hu\/intl\/hu\/analytics\/<\/p>\n<p><strong>7. Kreis der datenkenntnisberechtigten Personen<\/strong><\/p>\n<p>Kreis der zur Kenntnisnahme berechtigten Personen, Daten\u00fcbermittlung, Auftragsverarbeitung: Prim\u00e4r sind der Verantwortliche und dessen interne Mitarbeiter zur Kenntnisnahme der Daten berechtigt; sie ver\u00f6ffentlichen diese nicht und geben sie nicht an Dritte weiter.<\/p>\n<p>Der Dienstanbieter kann Auftragsverarbeiter (z.\u202fB. Systembetreiber) in Anspruch nehmen. F\u00fcr die Datenverarbeitungspraxis solcher externer Akteure haftet der Dienstanbieter nicht.<\/p>\n<p>DATEN DES AUFTRAGSVERARBEITERS:<br \/>\nDerzeit ist kein solcher Beteiligter vorhanden.<\/p>\n<p>\u00dcber die vorstehenden F\u00e4lle hinaus d\u00fcrfen personenbezogene Daten des Nutzers ausschlie\u00dflich in gesetzlich verpflichtend festgelegten F\u00e4llen bzw. auf Grundlage der Einwilligung des Nutzers \u00fcbermittelt werden.<\/p>\n<p>Daten des Hosting\u2011Anbieters:<\/p>\n<p><strong>KTS Online Kft<\/strong><br \/>\nSteuernummer: 29152106-2-08.<br \/>\nHandelsregisternummer: 08-09-032885<br \/>\nIm Register des Unternehmensgerichts des Gerichtsbezirks Gy\u0151r eingetragen.<br \/>\nStatistische Kennziffer: 29152106-6311-113-08.<br \/>\nUSt\u2011IdNr.: HU29152106.<\/p>\n<p>SITZ: 9024 Gy\u0151r, Bart\u00f3k B\u00e9la utca 26\/B Erdgeschoss 2.<br \/>\nTELEFON: +36-20\/316-2431<br \/>\nE\u2011MAIL: info@kts.hu<\/p>\n<p>\u00dcber die vorstehenden F\u00e4lle hinaus d\u00fcrfen personenbezogene Daten des Betroffenen ausschlie\u00dflich in gesetzlich verpflichtend festgelegten F\u00e4llen bzw. auf Grundlage der Einwilligung des Nutzers \u00fcbermittelt werden.<\/p>\n<p><strong>8. Rechte der Nutzer und M\u00f6glichkeiten der Rechtsdurchsetzung<\/strong><\/p>\n<p>8.1. Recht auf Auskunft<\/p>\n<p>Der Betroffene ist jederzeit berechtigt, Auskunft \u00fcber die vom Verantwortlichen verarbeiteten, ihn betreffenden personenbezogenen Daten zu verlangen.<\/p>\n<p>Der Verantwortliche erteilt dem Betroffenen auf dessen Anfrage Auskunft \u00fcber die ihn betreffenden, von ihm verarbeiteten Daten, \u00fcber den Zweck, die Rechtsgrundlage und die Dauer der Verarbeitung sowie dar\u00fcber, wer die Daten zu welchem Zweck erh\u00e4lt oder erhalten hat. Der Verantwortliche erteilt die Auskunft schriftlich innerhalb von 30 Tagen nach Eingang des Antrags.<\/p>\n<p>Mit allen Fragen oder Anmerkungen im Zusammenhang mit der Datenverarbeitung kann sich der Betroffene \u00fcber die nachstehend angegebenen Kontaktdaten an die Mitarbeiter des Verantwortlichen wenden.<\/p>\n<p>8.2. Berichtigung, L\u00f6schung, Sperrung<\/p>\n<p>Der Betroffene ist jederzeit berechtigt, die Berichtigung seiner unrichtig erfassten Daten oder deren L\u00f6schung \u00fcber eine der nachstehend angegebenen Kontaktm\u00f6glichkeiten zu verlangen. Der Verantwortliche l\u00f6scht die Daten innerhalb von 5 Werktagen nach Eingang des Antrags; in diesem Fall k\u00f6nnen sie nicht wiederhergestellt werden. Die L\u00f6schung erstreckt sich nicht auf die aufgrund gesetzlicher Vorschriften (z.\u202fB. buchhalterische Regelungen) erforderlichen Verarbeitungen; solche Daten bewahrt der Verantwortliche f\u00fcr die gesetzlich erforderliche Dauer auf.<\/p>\n<p>Der Betroffene kann ferner die Sperrung seiner Daten verlangen. Der Verantwortliche sperrt personenbezogene Daten, wenn der Betroffene dies verlangt oder wenn aufgrund der verf\u00fcgbaren Informationen anzunehmen ist, dass die L\u00f6schung die berechtigten Interessen des Betroffenen verletzen w\u00fcrde. Die so gesperrten personenbezogenen Daten d\u00fcrfen nur solange verarbeitet werden, wie der Zweck der Datenverarbeitung fortbesteht, der der L\u00f6schung entgegenstand.<\/p>\n<p>\u00dcber die Berichtigung, Sperrung und L\u00f6schung sind der Betroffene sowie alle zu benachrichtigen, an die die Daten zuvor zum Zweck der Verarbeitung \u00fcbermittelt wurden. Die Benachrichtigung kann unterbleiben, wenn dies unter Ber\u00fccksichtigung des Zwecks der Verarbeitung die berechtigten Interessen des Nutzers nicht verletzt.<\/p>\n<p>Lehnt der Verantwortliche den Antrag des Betroffenen auf Berichtigung, Sperrung oder L\u00f6schung ab, teilt er innerhalb von 30 Tagen nach Eingang des Antrags die tats\u00e4chlichen und rechtlichen Gr\u00fcnde f\u00fcr die Ablehnung schriftlich mit.<\/p>\n<p>8.3. Widerspruchsrecht<\/p>\n<p>Der Betroffene kann der Verarbeitung seiner personenbezogenen Daten widersprechen. Der Verantwortliche pr\u00fcft den Widerspruch innerhalb der k\u00fcrzest m\u00f6glichen Frist, sp\u00e4testens jedoch innerhalb von 15 Tagen nach Antragstellung, trifft eine Entscheidung \u00fcber dessen Begr\u00fcndetheit und informiert den Antragsteller schriftlich \u00fcber seine Entscheidung.<\/p>\n<p>Der Betroffene kann seine Rechte \u00fcber die unter Punkt 4 aufgef\u00fchrten Kontaktdaten aus\u00fcben.<\/p>\n<p>8.4. Rechtsbehelfe gem\u00e4\u00df Info.tv. und B\u00fcrgerlichem Gesetzbuch (Gesetz V von 2013)<\/p>\n<ol>\n<li>Er kann sich an die Nationale Beh\u00f6rde f\u00fcr Datenschutz und Informationsfreiheit wenden (1125 Budapest, Szil\u00e1gyi Erzs\u00e9bet fasor 22\/c; www.naih.hu), oder<\/li>\n<li>seine Rechte vor Gericht geltend machen.<\/li>\n<\/ol>\n<p>Hat der Betroffene zur Inanspruchnahme des Dienstes Daten eines Dritten angegeben oder w\u00e4hrend der Nutzung der Website in irgendeiner Weise einen Schaden verursacht, ist der Verantwortliche berechtigt, Schadensersatz gegen\u00fcber dem Betroffenen geltend zu machen. In einem solchen Fall leistet der Verantwortliche den zust\u00e4ndigen Beh\u00f6rden jede zumutbare Unterst\u00fctzung zur Feststellung der Identit\u00e4t des rechtsverletzenden Nutzers.<\/p>\n<p><strong>9. Verwendung von E\u2011Mail\u2011Adressen<\/strong><\/p>\n<p>Der Verantwortliche misst der rechtm\u00e4\u00dfigen Verwendung der von ihm verarbeiteten E\u2011Mail\u2011Adressen besondere Bedeutung bei und verwendet diese daher nur in der nachstehend festgelegten Weise zum Versand von E\u2011Mails.<\/p>\n<p>Die Verarbeitung der E\u2011Mail\u2011Adressen dient in erster Linie der Identifizierung des Betroffenen sowie der Kontaktaufnahme w\u00e4hrend der Inanspruchnahme des Dienstes; E\u2011Mails werden daher in erster Linie zu diesem Zweck versendet.<\/p>\n<p><strong>10. Datensicherheit<\/strong><\/p>\n<p>Der Verantwortliche verpflichtet sich, f\u00fcr die Sicherheit der Daten zu sorgen, und ergreift die technischen und organisatorischen Ma\u00dfnahmen, die gew\u00e4hrleisten, dass die erhobenen, gespeicherten bzw. verarbeiteten Daten gesch\u00fctzt sind. Er trifft alle Vorkehrungen, um deren Zerst\u00f6rung, unbefugte Nutzung und unbefugte Ver\u00e4nderung zu verhindern. Er verpflichtet sich ferner, alle Dritten, an die Daten ggf. \u00fcbermittelt oder weitergegeben werden, zur Erf\u00fcllung entsprechender Verpflichtungen anzuhalten.<\/p>\n<p><strong>11. Sonstige Bestimmungen<\/strong><\/p>\n<p>Der Verantwortliche beh\u00e4lt sich das Recht vor, diese Datenschutzerkl\u00e4rung \u2013 unter vorheriger Information der Betroffenen mittels Hinweis auf der Website \u2013 einseitig zu \u00e4ndern. Nach Inkrafttreten der \u00c4nderung akzeptiert der Betroffene durch die Nutzung der Website konkludent die in der ge\u00e4nderten Datenschutzerkl\u00e4rung enthaltenen Bestimmungen.<br \/>\n[\/et_pb_text][\/et_pb_column][\/et_pb_row][\/et_pb_section]<\/p>\n","protected":false},"excerpt":{"rendered":"<p>Datenschutzerkl\u00e4rung Betinpact Gesellschaft mit beschr\u00e4nkter Haftung 9400 Sopron, V\u00e1ghy Ferenc utca 22. STEUERNUMMER: 29146723-2-08 HANDELSREGISTERNUMMER: 08-09-032916 (im Folgenden: Verantwortlicher) verarbeitet im Rahmen des Betriebs der Website www.betinpact.com (im Folgenden: Website) die Daten der Besucher der Website, der Nutzer der Website sowie der registrierten Benutzer, die die auf der Website verf\u00fcgbaren Dienste in Anspruch nehmen (im [&hellip;]<\/p>\n","protected":false},"author":1,"featured_media":0,"parent":0,"menu_order":0,"comment_status":"closed","ping_status":"closed","template":"","meta":{"_et_pb_use_builder":"on","_et_pb_old_content":"","_et_gb_content_width":"","footnotes":""},"class_list":["post-987495428","page","type-page","status-publish","hentry"],"_links":{"self":[{"href":"https:\/\/betinpact.com\/de\/wp-json\/wp\/v2\/pages\/987495428","targetHints":{"allow":["GET"]}}],"collection":[{"href":"https:\/\/betinpact.com\/de\/wp-json\/wp\/v2\/pages"}],"about":[{"href":"https:\/\/betinpact.com\/de\/wp-json\/wp\/v2\/types\/page"}],"author":[{"embeddable":true,"href":"https:\/\/betinpact.com\/de\/wp-json\/wp\/v2\/users\/1"}],"replies":[{"embeddable":true,"href":"https:\/\/betinpact.com\/de\/wp-json\/wp\/v2\/comments?post=987495428"}],"version-history":[{"count":4,"href":"https:\/\/betinpact.com\/de\/wp-json\/wp\/v2\/pages\/987495428\/revisions"}],"predecessor-version":[{"id":987495434,"href":"https:\/\/betinpact.com\/de\/wp-json\/wp\/v2\/pages\/987495428\/revisions\/987495434"}],"wp:attachment":[{"href":"https:\/\/betinpact.com\/de\/wp-json\/wp\/v2\/media?parent=987495428"}],"curies":[{"name":"wp","href":"https:\/\/api.w.org\/{rel}","templated":true}]}}