{"id":987495413,"date":"2025-09-06T14:41:33","date_gmt":"2025-09-06T12:41:33","guid":{"rendered":"https:\/\/betinpact.com\/?page_id=987495413"},"modified":"2025-09-10T12:13:23","modified_gmt":"2025-09-10T10:13:23","slug":"impressum","status":"publish","type":"page","link":"https:\/\/betinpact.com\/de\/impressum\/","title":{"rendered":"Impressum"},"content":{"rendered":"<p>[et_pb_section fb_built=&#8220;1&#8243; admin_label=&#8220;section&#8220; _builder_version=&#8220;4.16&#8243; global_colors_info=&#8220;{}&#8220;][et_pb_row admin_label=&#8220;row&#8220; _builder_version=&#8220;4.16&#8243; background_size=&#8220;initial&#8220; background_position=&#8220;top_left&#8220; background_repeat=&#8220;repeat&#8220; global_colors_info=&#8220;{}&#8220;][et_pb_column type=&#8220;4_4&#8243; _builder_version=&#8220;4.16&#8243; custom_padding=&#8220;|||&#8220; global_colors_info=&#8220;{}&#8220; custom_padding__hover=&#8220;|||&#8220;][et_pb_heading title=&#8220;Impressum&#8220; _builder_version=&#8220;4.27.4&#8243; _module_preset=&#8220;default&#8220; title_text_align=&#8220;center&#8220; title_font_size=&#8220;50px&#8220; title_font_size_tablet=&#8220;50px&#8220; title_font_size_phone=&#8220;30px&#8220; title_font_size_last_edited=&#8220;on|desktop&#8220; global_colors_info=&#8220;{}&#8220;][\/et_pb_heading][et_pb_text _builder_version=&#8220;4.27.4&#8243; _module_preset=&#8220;default&#8220; global_colors_info=&#8220;{}&#8220;]<strong>1) F\u00fcr die Inhalte der unter der von Ihnen aufgerufenen Internetadresse erreichbaren Webseite und Social-Media-Pr\u00e4senz \u2013 nachfolgend zusammengefasst als: Webseite \u2013 ist der Verantwortliche f\u00fcr die Datenverarbeitung sowie der Inhaber der Domain und der Webseite verantwortlich:<\/strong><\/p>\n<p><strong>Betinpact Gesellschaft mit beschr\u00e4nkter Haftung<\/strong><\/p>\n<p>9400 Sopron, V\u00e1ghy Ferenc utca 22. St.-Nr.: 29146723-2-08<\/p>\n<p>Eingetragen im Handelsregister des Gy\u0151rer Kreisgerichts.<\/p>\n<p><strong>2.) Aufsichtsbeh\u00f6rde f\u00fcr die Datenverarbeitung:<\/strong><\/p>\n<p><strong>Nationale Beh\u00f6rde f\u00fcr Datenschutz und Informationsfreiheit<\/strong><br \/>\nSitz: 1125 Budapest, Falk Miksa utca 9-11.<br \/>\nPostanschrift: 1363 Budapest, Pf. 9.<br \/>\nTelefon: +36 30 683 5969<br \/>\nFax: +36 1 391 1410<br \/>\nE-Mail: ugyfelszolgalat@naih.hu<\/p>\n<p>Webseite: https:\/\/www.naih.hu\/<\/p>\n<p><strong>3.) Hosting-Provider:<\/strong><\/p>\n<p><strong>KTS Online Kft<\/strong><br \/>\nSteuernummer: 29152106-2-08.<br \/>\nHandelsregisternummer: 08-09-032885<br \/>\nEingetragen im Handelsregister des Gy\u0151rer Kreisgerichts.<br \/>\nStatistische Kennziffer: 29152106-6311-113-08.<br \/>\nUSt-IdNr.: HU29152106.<\/p>\n<p>Sitz: 9024 Gy\u0151r, Bart\u00f3k B\u00e9la utca 26\/B Erdgeschoss 2.<br \/>\nTelefon: +36-20\/316-2431<br \/>\nE-Mail: info@kts.hu<\/p>\n<p>Serverraum: 1132 Budapest, Victor Hug\u00f3 utca 18-22.<\/p>\n<p><strong>4.) Wenn der Nutzer (Verbraucher) in der Europ\u00e4ischen Union lebt, kann er f\u00fcr Beschwerden in Bezug auf den Dienst das folgende Online-Streitbeilegungstool der Europ\u00e4ischen Kommission nutzen.<\/strong><\/p>\n<p><strong>Online-Streitbeilegungsplattform der Europ\u00e4ischen Kommission<\/strong><br \/>\nWebseite: <a href=\"https:\/\/webgate.ec.europa.eu\/odr\" target=\"_blank\" rel=\"noopener\">https:\/\/webgate.ec.europa.eu\/odr<br \/>\n<\/a><\/p>\n<p>Diese internetbasierte Plattform wurde von der EU f\u00fcr Verbraucher eingerichtet, die Beschwerden \u00fcber online gekaufte Waren oder Dienstleistungen einreichen m\u00f6chten und eine neutrale dritte Partei (Schlichtungsstelle) mit der Bearbeitung der Beschwerde beauftragen wollen.<\/p>\n<p>Weitere Informationen \u00fcber die Online-Streitbeilegungsplattform, deren Nutzung und das Verfahren der Streitbeilegung finden Sie auf der \u00fcber den obigen Link erreichbaren Webseite.[\/et_pb_text][\/et_pb_column][\/et_pb_row][\/et_pb_section]<\/p>\n","protected":false},"excerpt":{"rendered":"<p>1) F\u00fcr die Inhalte der unter der von Ihnen aufgerufenen Internetadresse erreichbaren Webseite und Social-Media-Pr\u00e4senz \u2013 nachfolgend zusammengefasst als: Webseite \u2013 ist der Verantwortliche f\u00fcr die Datenverarbeitung sowie der Inhaber der Domain und der Webseite verantwortlich: Betinpact Gesellschaft mit beschr\u00e4nkter Haftung 9400 Sopron, V\u00e1ghy Ferenc utca 22. St.-Nr.: 29146723-2-08 Eingetragen im Handelsregister des Gy\u0151rer Kreisgerichts. [&hellip;]<\/p>\n","protected":false},"author":1,"featured_media":0,"parent":0,"menu_order":0,"comment_status":"closed","ping_status":"closed","template":"","meta":{"_et_pb_use_builder":"on","_et_pb_old_content":"","_et_gb_content_width":"","footnotes":""},"class_list":["post-987495413","page","type-page","status-publish","hentry"],"_links":{"self":[{"href":"https:\/\/betinpact.com\/de\/wp-json\/wp\/v2\/pages\/987495413","targetHints":{"allow":["GET"]}}],"collection":[{"href":"https:\/\/betinpact.com\/de\/wp-json\/wp\/v2\/pages"}],"about":[{"href":"https:\/\/betinpact.com\/de\/wp-json\/wp\/v2\/types\/page"}],"author":[{"embeddable":true,"href":"https:\/\/betinpact.com\/de\/wp-json\/wp\/v2\/users\/1"}],"replies":[{"embeddable":true,"href":"https:\/\/betinpact.com\/de\/wp-json\/wp\/v2\/comments?post=987495413"}],"version-history":[{"count":2,"href":"https:\/\/betinpact.com\/de\/wp-json\/wp\/v2\/pages\/987495413\/revisions"}],"predecessor-version":[{"id":987495415,"href":"https:\/\/betinpact.com\/de\/wp-json\/wp\/v2\/pages\/987495413\/revisions\/987495415"}],"wp:attachment":[{"href":"https:\/\/betinpact.com\/de\/wp-json\/wp\/v2\/media?parent=987495413"}],"curies":[{"name":"wp","href":"https:\/\/api.w.org\/{rel}","templated":true}]}}